{"id":171,"date":"2024-01-10T13:03:47","date_gmt":"2024-01-10T11:03:47","guid":{"rendered":"https:\/\/manual-audacity-recursos-test.azurewebsites.net\/?page_id=171"},"modified":"2024-01-30T13:40:24","modified_gmt":"2024-01-30T11:40:24","slug":"1-3-3-barra-de-herramientas-herramientas","status":"publish","type":"page","link":"https:\/\/manual-audacity-recursos-test.azurewebsites.net\/es\/1-3-3-barra-de-herramientas-herramientas\/","title":{"rendered":"1.3.3. Barra de herramientas \u00abHerramientas\u00bb"},"content":{"rendered":"<p>Tiene cuatro botones, el primero la herramienta de selecci\u00f3n que nos permite seleccionar un rango de audio haciendo clic con el rat\u00f3n en un punto y arrastrando hasta el siguiente.<\/p>\n<p>Al lado tenemos la herramienta de envolvente, esta nos permite realizar cambios suaves de volumen a lo largo de una pista mediante puntos de control de volumen integrados. Hacemos clic en la pista y creamos un punto de control para luego moverlo en funci\u00f3n del volumen que deseemos.<\/p>\n<p>La herramienta de dibujo simbolizada por un l\u00e1piz permite volver a dibujar manualmente la forma de onda y se puede utilizar para realizar cambios de volumen en muestras individuales o para efectuar reparaciones de clics o de ruidos.<\/p>\n<p>Finalmente,\u00a0la multiherramienta combina todas las dem\u00e1s herramientas en una \u00fanica herramienta. Est\u00e1 disponible a la vez seg\u00fan la posici\u00f3n del puntero y la tecla modificadora elegida. La forma del puntero cambia para mostrar qu\u00e9 herramienta est\u00e1 activa.<\/p>\n<figure id=\"attachment_172\" aria-describedby=\"caption-attachment-172\" style=\"width: 350px\" class=\"wp-caption alignnone\"><img loading=\"lazy\" decoding=\"async\" class=\"wp-image-172\" src=\"\/wp-content\/uploads\/2024\/01\/imagen-2.5-1.png\" alt=\"\" width=\"350\" height=\"80\" \/><figcaption id=\"caption-attachment-172\" class=\"wp-caption-text\">Figura 1.5. Barra de herramientas \u00abHerramientas\u00bb.<br \/>Fuente: elaboraci\u00f3n propia.<\/figcaption><\/figure>\n","protected":false},"excerpt":{"rendered":"<p>Tiene cuatro botones, el primero la herramienta de selecci\u00f3n que nos permite seleccionar un rango de audio haciendo clic con el rat\u00f3n en un punto y arrastrando hasta el siguiente. Al lado tenemos la herramienta de envolvente, esta nos permite realizar cambios suaves de volumen a lo largo de una pista mediante puntos de control [&hellip;]<\/p>\n","protected":false},"author":2,"featured_media":0,"parent":0,"menu_order":0,"comment_status":"closed","ping_status":"closed","template":"","meta":{"footnotes":""},"acf":[],"_links":{"self":[{"href":"https:\/\/manual-audacity-recursos-test.azurewebsites.net\/es\/wp-json\/wp\/v2\/pages\/171"}],"collection":[{"href":"https:\/\/manual-audacity-recursos-test.azurewebsites.net\/es\/wp-json\/wp\/v2\/pages"}],"about":[{"href":"https:\/\/manual-audacity-recursos-test.azurewebsites.net\/es\/wp-json\/wp\/v2\/types\/page"}],"author":[{"embeddable":true,"href":"https:\/\/manual-audacity-recursos-test.azurewebsites.net\/es\/wp-json\/wp\/v2\/users\/2"}],"replies":[{"embeddable":true,"href":"https:\/\/manual-audacity-recursos-test.azurewebsites.net\/es\/wp-json\/wp\/v2\/comments?post=171"}],"version-history":[{"count":2,"href":"https:\/\/manual-audacity-recursos-test.azurewebsites.net\/es\/wp-json\/wp\/v2\/pages\/171\/revisions"}],"predecessor-version":[{"id":489,"href":"https:\/\/manual-audacity-recursos-test.azurewebsites.net\/es\/wp-json\/wp\/v2\/pages\/171\/revisions\/489"}],"wp:attachment":[{"href":"https:\/\/manual-audacity-recursos-test.azurewebsites.net\/es\/wp-json\/wp\/v2\/media?parent=171"}],"curies":[{"name":"wp","href":"https:\/\/api.w.org\/{rel}","templated":true}]}}