{"id":193,"date":"2024-01-10T13:24:13","date_gmt":"2024-01-10T11:24:13","guid":{"rendered":"https:\/\/manual-audacity-recursos-test.azurewebsites.net\/?page_id=193"},"modified":"2024-01-30T13:37:21","modified_gmt":"2024-01-30T11:37:21","slug":"1-3-8-panel-de-control-de-pista-y-escala-vertical","status":"publish","type":"page","link":"https:\/\/manual-audacity-recursos-test.azurewebsites.net\/es\/1-3-8-panel-de-control-de-pista-y-escala-vertical\/","title":{"rendered":"1.3.8. Panel de control de pista y escala vertical"},"content":{"rendered":"<p>En el panel de control de pista tenemos en la parte izquierda superior una X que nos permite borrar la pista, al lado un men\u00fa desplegable con varias opciones para editar o mover la pista de audio.<\/p>\n<p>El bot\u00f3n \u00abSilencio\u00bb que silenciar\u00e1 la pista. El bot\u00f3n \u00abSolo\u00bb har\u00e1 que se reproduzca \u00fanicamente esta pista. El bot\u00f3n \u00abEfectos\u00bb sirve para acceder a los efectos en tiempo real. Debajo tenemos un control deslizante de ganancia para ajustar el volumen de la pista y un control deslizante de panorama para desplazar el sonido est\u00e9reo de un canal a otro.<\/p>\n<p>Despu\u00e9s nos indica si es est\u00e9reo o mono, la frecuencia de muestreo y la profundidad de bits. El bot\u00f3n con el tri\u00e1ngulo hacia arriba sirve para colapsar o restaurar la altura de la pista y \u00abSeleccionar\u00bb para seleccionar todo el audio de la pista.<\/p>\n<figure id=\"attachment_83\" aria-describedby=\"caption-attachment-83\" style=\"width: 450px\" class=\"wp-caption alignnone\"><img loading=\"lazy\" decoding=\"async\" class=\"wp-image-83\" src=\"\/wp-content\/uploads\/2024\/01\/imagen-2.15.png\" alt=\"\" width=\"450\" height=\"362\" srcset=\"\/wp-content\/uploads\/2024\/01\/imagen-2.15.png 443w, \/wp-content\/uploads\/2024\/01\/imagen-2.15-300x241.png 300w\" sizes=\"(max-width: 450px) 100vw, 450px\" \/><figcaption id=\"caption-attachment-83\" class=\"wp-caption-text\">Figura 1.15. Panel de control de pista y escala vertical.<br \/>Fuente: elaboraci\u00f3n propia.<\/figcaption><\/figure>\n<p>Al men\u00fa desplegable accedemos haciendo clic en el nombre de la pista o en el tri\u00e1ngulo invertido.<\/p>\n<p>Nos permite cambiar el nombre o desplazar la pista si hay m\u00e1s de una. La visualizaci\u00f3n en forma de onda es la habitual, pero podemos verlo como espectrograma, tambi\u00e9n podemos darle un color diferente a la forma de onda.<\/p>\n<p>Se pueden cambiar los canales de una pista est\u00e9reo y crear o dividir pistas.<\/p>\n<p>Permite cambiar la profundidad de bits que por defecto est\u00e1 en 32 bits con coma flotante y es el formato de trabajo recomendado. Tambi\u00e9n cambiar la frecuencia de muestreo de la pista, aunque realmente se est\u00e1 cambiando la frecuencia de reproducci\u00f3n, no la frecuencia del propio fichero, por lo que s\u00ed aumentamos la frecuencia, la velocidad de reproducci\u00f3n tambi\u00e9n aumentar\u00e1 y se reducir\u00e1 el tiempo.<\/p>\n<p>Si lo que se pretende es remuestrear el fichero, que implica cambiar la cantidad de muestras, pero no la velocidad de reproducci\u00f3n ni su duraci\u00f3n, se debe realizar a trav\u00e9s del men\u00fa Pistas&gt;Remuestrear y seleccionar la frecuencia. Para exportarlo hay que cambiar la frecuencia de muestreo del proyecto en \u00abConfiguraci\u00f3n de audio\u00bb.<\/p>\n<figure id=\"attachment_85\" aria-describedby=\"caption-attachment-85\" style=\"width: 450px\" class=\"wp-caption alignnone\"><img loading=\"lazy\" decoding=\"async\" class=\"wp-image-85\" src=\"\/wp-content\/uploads\/2024\/01\/imagen-2.16.png\" alt=\"\" width=\"450\" height=\"555\" srcset=\"\/wp-content\/uploads\/2024\/01\/imagen-2.16.png 347w, \/wp-content\/uploads\/2024\/01\/imagen-2.16-243x300.png 243w\" sizes=\"(max-width: 450px) 100vw, 450px\" \/><figcaption id=\"caption-attachment-85\" class=\"wp-caption-text\">Figura 1.16. Men\u00fa de la pista.<br \/>Fuente: elaboraci\u00f3n propia.<\/figcaption><\/figure>\n","protected":false},"excerpt":{"rendered":"<p>En el panel de control de pista tenemos en la parte izquierda superior una X que nos permite borrar la pista, al lado un men\u00fa desplegable con varias opciones para editar o mover la pista de audio. El bot\u00f3n \u00abSilencio\u00bb que silenciar\u00e1 la pista. El bot\u00f3n \u00abSolo\u00bb har\u00e1 que se reproduzca \u00fanicamente esta pista. El [&hellip;]<\/p>\n","protected":false},"author":2,"featured_media":0,"parent":0,"menu_order":0,"comment_status":"closed","ping_status":"closed","template":"","meta":{"footnotes":""},"acf":[],"_links":{"self":[{"href":"https:\/\/manual-audacity-recursos-test.azurewebsites.net\/es\/wp-json\/wp\/v2\/pages\/193"}],"collection":[{"href":"https:\/\/manual-audacity-recursos-test.azurewebsites.net\/es\/wp-json\/wp\/v2\/pages"}],"about":[{"href":"https:\/\/manual-audacity-recursos-test.azurewebsites.net\/es\/wp-json\/wp\/v2\/types\/page"}],"author":[{"embeddable":true,"href":"https:\/\/manual-audacity-recursos-test.azurewebsites.net\/es\/wp-json\/wp\/v2\/users\/2"}],"replies":[{"embeddable":true,"href":"https:\/\/manual-audacity-recursos-test.azurewebsites.net\/es\/wp-json\/wp\/v2\/comments?post=193"}],"version-history":[{"count":3,"href":"https:\/\/manual-audacity-recursos-test.azurewebsites.net\/es\/wp-json\/wp\/v2\/pages\/193\/revisions"}],"predecessor-version":[{"id":485,"href":"https:\/\/manual-audacity-recursos-test.azurewebsites.net\/es\/wp-json\/wp\/v2\/pages\/193\/revisions\/485"}],"wp:attachment":[{"href":"https:\/\/manual-audacity-recursos-test.azurewebsites.net\/es\/wp-json\/wp\/v2\/media?parent=193"}],"curies":[{"name":"wp","href":"https:\/\/api.w.org\/{rel}","templated":true}]}}