{"id":248,"date":"2024-01-10T14:30:04","date_gmt":"2024-01-10T12:30:04","guid":{"rendered":"https:\/\/manual-audacity-recursos-test.azurewebsites.net\/?page_id=248"},"modified":"2024-01-10T14:30:04","modified_gmt":"2024-01-10T12:30:04","slug":"2-3-6-copiar-cortar-pegar","status":"publish","type":"page","link":"https:\/\/manual-audacity-recursos-test.azurewebsites.net\/es\/2-3-6-copiar-cortar-pegar\/","title":{"rendered":"2.3.6. Copiar, cortar, pegar"},"content":{"rendered":"<p>Sobre cualquier selecci\u00f3n sea de parte de un clip, o de un clip completo podemos copiar o cortar esta parte, despu\u00e9s situaremos el cursor donde nos interese y pegaremos lo copiado o cortado de forma an\u00e1loga a como lo hacemos en un procesador de texto.<\/p>\n<p>Si tenemos el cursor en un clip de audio se insertar\u00e1 lo copiado, si el cursor se encuentra en una parte sin audio, fuera de cualquier clip, con espacio suficiente, lo pegar\u00e1 como un nuevo clip.<\/p>\n<p>&nbsp;<\/p>\n","protected":false},"excerpt":{"rendered":"<p>Sobre cualquier selecci\u00f3n sea de parte de un clip, o de un clip completo podemos copiar o cortar esta parte, despu\u00e9s situaremos el cursor donde nos interese y pegaremos lo copiado o cortado de forma an\u00e1loga a como lo hacemos en un procesador de texto. Si tenemos el cursor en un clip de audio se [&hellip;]<\/p>\n","protected":false},"author":2,"featured_media":0,"parent":0,"menu_order":0,"comment_status":"closed","ping_status":"closed","template":"","meta":{"footnotes":""},"acf":[],"_links":{"self":[{"href":"https:\/\/manual-audacity-recursos-test.azurewebsites.net\/es\/wp-json\/wp\/v2\/pages\/248"}],"collection":[{"href":"https:\/\/manual-audacity-recursos-test.azurewebsites.net\/es\/wp-json\/wp\/v2\/pages"}],"about":[{"href":"https:\/\/manual-audacity-recursos-test.azurewebsites.net\/es\/wp-json\/wp\/v2\/types\/page"}],"author":[{"embeddable":true,"href":"https:\/\/manual-audacity-recursos-test.azurewebsites.net\/es\/wp-json\/wp\/v2\/users\/2"}],"replies":[{"embeddable":true,"href":"https:\/\/manual-audacity-recursos-test.azurewebsites.net\/es\/wp-json\/wp\/v2\/comments?post=248"}],"version-history":[{"count":1,"href":"https:\/\/manual-audacity-recursos-test.azurewebsites.net\/es\/wp-json\/wp\/v2\/pages\/248\/revisions"}],"predecessor-version":[{"id":249,"href":"https:\/\/manual-audacity-recursos-test.azurewebsites.net\/es\/wp-json\/wp\/v2\/pages\/248\/revisions\/249"}],"wp:attachment":[{"href":"https:\/\/manual-audacity-recursos-test.azurewebsites.net\/es\/wp-json\/wp\/v2\/media?parent=248"}],"curies":[{"name":"wp","href":"https:\/\/api.w.org\/{rel}","templated":true}]}}