{"id":261,"date":"2024-01-10T14:52:41","date_gmt":"2024-01-10T12:52:41","guid":{"rendered":"https:\/\/manual-audacity-recursos-test.azurewebsites.net\/?page_id=261"},"modified":"2024-01-30T13:20:03","modified_gmt":"2024-01-30T11:20:03","slug":"3-1-efecto-eliminacion-de-click","status":"publish","type":"page","link":"https:\/\/manual-audacity-recursos-test.azurewebsites.net\/es\/3-1-efecto-eliminacion-de-click\/","title":{"rendered":"3.1. Efecto \u00abEliminaci\u00f3n de click\u00bb"},"content":{"rendered":"<p>Muchas veces en nuestras grabaciones, especialmente de la voz, se pueden producir clics. Con el efecto \u00abEliminaci\u00f3n de click\u00bb se pueden eliminar autom\u00e1ticamente de toda una pista. Para realizarlo seleccionamos el audio, vamos a Efecto&gt;Reducci\u00f3n de ruido y reparaci\u00f3n&gt;Eliminaci\u00f3n de click.<\/p>\n<p>Hay dos valores, el umbral en que los valores m\u00e1s peque\u00f1os nos dar\u00e1n m\u00e1s sensibilidad y el ancho de pico m\u00e1ximo en el que los valores mayores nos dar\u00e1n tambi\u00e9n m\u00e1s sensibilidad. Por defecto los valores son de 200 y 20, presionamos aplicar y escuchamos el resultado. Puede ser necesario realizar varias pruebas con valores diferentes hasta encontrar el efecto deseado.<\/p>\n<figure id=\"attachment_134\" aria-describedby=\"caption-attachment-134\" style=\"width: 640px\" class=\"wp-caption alignnone\"><img loading=\"lazy\" decoding=\"async\" class=\"wp-image-134\" src=\"\/wp-content\/uploads\/2024\/01\/imagen-4.1.png\" alt=\"\" width=\"640\" height=\"166\" srcset=\"\/wp-content\/uploads\/2024\/01\/imagen-4.1.png 567w, \/wp-content\/uploads\/2024\/01\/imagen-4.1-300x78.png 300w\" sizes=\"(max-width: 640px) 100vw, 640px\" \/><figcaption id=\"caption-attachment-134\" class=\"wp-caption-text\">Figura 3.1. Configuraci\u00f3n de \u00abEliminaci\u00f3n de click\u00bb.<br \/>Fuente: elaboraci\u00f3n propia.<\/figcaption><\/figure>\n","protected":false},"excerpt":{"rendered":"<p>Muchas veces en nuestras grabaciones, especialmente de la voz, se pueden producir clics. Con el efecto \u00abEliminaci\u00f3n de click\u00bb se pueden eliminar autom\u00e1ticamente de toda una pista. Para realizarlo seleccionamos el audio, vamos a Efecto&gt;Reducci\u00f3n de ruido y reparaci\u00f3n&gt;Eliminaci\u00f3n de click. Hay dos valores, el umbral en que los valores m\u00e1s peque\u00f1os nos dar\u00e1n m\u00e1s [&hellip;]<\/p>\n","protected":false},"author":2,"featured_media":0,"parent":0,"menu_order":0,"comment_status":"closed","ping_status":"closed","template":"","meta":{"footnotes":""},"acf":[],"_links":{"self":[{"href":"https:\/\/manual-audacity-recursos-test.azurewebsites.net\/es\/wp-json\/wp\/v2\/pages\/261"}],"collection":[{"href":"https:\/\/manual-audacity-recursos-test.azurewebsites.net\/es\/wp-json\/wp\/v2\/pages"}],"about":[{"href":"https:\/\/manual-audacity-recursos-test.azurewebsites.net\/es\/wp-json\/wp\/v2\/types\/page"}],"author":[{"embeddable":true,"href":"https:\/\/manual-audacity-recursos-test.azurewebsites.net\/es\/wp-json\/wp\/v2\/users\/2"}],"replies":[{"embeddable":true,"href":"https:\/\/manual-audacity-recursos-test.azurewebsites.net\/es\/wp-json\/wp\/v2\/comments?post=261"}],"version-history":[{"count":3,"href":"https:\/\/manual-audacity-recursos-test.azurewebsites.net\/es\/wp-json\/wp\/v2\/pages\/261\/revisions"}],"predecessor-version":[{"id":460,"href":"https:\/\/manual-audacity-recursos-test.azurewebsites.net\/es\/wp-json\/wp\/v2\/pages\/261\/revisions\/460"}],"wp:attachment":[{"href":"https:\/\/manual-audacity-recursos-test.azurewebsites.net\/es\/wp-json\/wp\/v2\/media?parent=261"}],"curies":[{"name":"wp","href":"https:\/\/api.w.org\/{rel}","templated":true}]}}