{"id":267,"date":"2024-01-11T10:53:09","date_gmt":"2024-01-11T08:53:09","guid":{"rendered":"https:\/\/manual-audacity-recursos-test.azurewebsites.net\/?page_id=267"},"modified":"2024-01-11T10:53:09","modified_gmt":"2024-01-11T08:53:09","slug":"3-2-efecto-reparacion","status":"publish","type":"page","link":"https:\/\/manual-audacity-recursos-test.azurewebsites.net\/es\/3-2-efecto-reparacion\/","title":{"rendered":"3.2. Efecto \u00abReparaci\u00f3n\u00bb"},"content":{"rendered":"<p>El efecto reparar se puede utilizar para reparar clips cortos. Seleccionamos una parte corta de como m\u00e1ximo 128 muestras de audio en Efecto&gt;Reducci\u00f3n de ruido y reparaci\u00f3n&gt;Reparaci\u00f3n. Este efecto no tiene par\u00e1metros de configuraci\u00f3n.<\/p>\n<p>En muchos casos la mejor soluci\u00f3n ser\u00e1 aplicar a ese clic breve el bot\u00f3n de silencio, en la barra de herramientas de edici\u00f3n y eliminarlo al sustituirlo por un silencio.<\/p>\n","protected":false},"excerpt":{"rendered":"<p>El efecto reparar se puede utilizar para reparar clips cortos. Seleccionamos una parte corta de como m\u00e1ximo 128 muestras de audio en Efecto&gt;Reducci\u00f3n de ruido y reparaci\u00f3n&gt;Reparaci\u00f3n. Este efecto no tiene par\u00e1metros de configuraci\u00f3n. En muchos casos la mejor soluci\u00f3n ser\u00e1 aplicar a ese clic breve el bot\u00f3n de silencio, en la barra de herramientas [&hellip;]<\/p>\n","protected":false},"author":2,"featured_media":0,"parent":0,"menu_order":0,"comment_status":"closed","ping_status":"closed","template":"","meta":{"footnotes":""},"acf":[],"_links":{"self":[{"href":"https:\/\/manual-audacity-recursos-test.azurewebsites.net\/es\/wp-json\/wp\/v2\/pages\/267"}],"collection":[{"href":"https:\/\/manual-audacity-recursos-test.azurewebsites.net\/es\/wp-json\/wp\/v2\/pages"}],"about":[{"href":"https:\/\/manual-audacity-recursos-test.azurewebsites.net\/es\/wp-json\/wp\/v2\/types\/page"}],"author":[{"embeddable":true,"href":"https:\/\/manual-audacity-recursos-test.azurewebsites.net\/es\/wp-json\/wp\/v2\/users\/2"}],"replies":[{"embeddable":true,"href":"https:\/\/manual-audacity-recursos-test.azurewebsites.net\/es\/wp-json\/wp\/v2\/comments?post=267"}],"version-history":[{"count":1,"href":"https:\/\/manual-audacity-recursos-test.azurewebsites.net\/es\/wp-json\/wp\/v2\/pages\/267\/revisions"}],"predecessor-version":[{"id":268,"href":"https:\/\/manual-audacity-recursos-test.azurewebsites.net\/es\/wp-json\/wp\/v2\/pages\/267\/revisions\/268"}],"wp:attachment":[{"href":"https:\/\/manual-audacity-recursos-test.azurewebsites.net\/es\/wp-json\/wp\/v2\/media?parent=267"}],"curies":[{"name":"wp","href":"https:\/\/api.w.org\/{rel}","templated":true}]}}