{"id":389,"date":"2024-01-11T12:20:58","date_gmt":"2024-01-11T10:20:58","guid":{"rendered":"https:\/\/manual-audacity-recursos-test.azurewebsites.net\/?page_id=389"},"modified":"2024-01-11T12:30:14","modified_gmt":"2024-01-11T10:30:14","slug":"6-4-1-introduccion","status":"publish","type":"page","link":"https:\/\/manual-audacity-recursos-test.azurewebsites.net\/es\/6-4-1-introduccion\/","title":{"rendered":"6.4.1. Introducci\u00f3n"},"content":{"rendered":"<p>Para publicar nuestro p\u00f3dcast debemos encontrar un sitio donde subir nuestro audio. Hay m\u00faltiples opciones como Ivoox o Spotify for Podcasters entre otros. Esto nos proporcionar\u00e1 una direcci\u00f3n o URL del<em> feed<\/em> RSS del p\u00f3dcast.<\/p>\n<p>Un <em>feed<\/em> RSS o Really Simple Syndication es un archivo pensado para la distribuci\u00f3n de contenidos. En \u00e9l se encuentran los datos relacionados con el p\u00f3dcast, como el autor, la descripci\u00f3n o como acceder al fichero de audio y se actualiza autom\u00e1ticamente cada vez que se publica un nuevo episodio.<\/p>\n<p>Con esto podremos dar de alta el p\u00f3dcast en diferentes directorios espec\u00edficos como Google Podcast o Apple Podcast que le dar\u00e1n visibilidad y enlazaran con el sitio donde tengamos publicado el audio.<\/p>\n","protected":false},"excerpt":{"rendered":"<p>Para publicar nuestro p\u00f3dcast debemos encontrar un sitio donde subir nuestro audio. Hay m\u00faltiples opciones como Ivoox o Spotify for Podcasters entre otros. Esto nos proporcionar\u00e1 una direcci\u00f3n o URL del feed RSS del p\u00f3dcast. Un feed RSS o Really Simple Syndication es un archivo pensado para la distribuci\u00f3n de contenidos. En \u00e9l se encuentran [&hellip;]<\/p>\n","protected":false},"author":2,"featured_media":0,"parent":0,"menu_order":0,"comment_status":"closed","ping_status":"closed","template":"","meta":{"footnotes":""},"acf":[],"_links":{"self":[{"href":"https:\/\/manual-audacity-recursos-test.azurewebsites.net\/es\/wp-json\/wp\/v2\/pages\/389"}],"collection":[{"href":"https:\/\/manual-audacity-recursos-test.azurewebsites.net\/es\/wp-json\/wp\/v2\/pages"}],"about":[{"href":"https:\/\/manual-audacity-recursos-test.azurewebsites.net\/es\/wp-json\/wp\/v2\/types\/page"}],"author":[{"embeddable":true,"href":"https:\/\/manual-audacity-recursos-test.azurewebsites.net\/es\/wp-json\/wp\/v2\/users\/2"}],"replies":[{"embeddable":true,"href":"https:\/\/manual-audacity-recursos-test.azurewebsites.net\/es\/wp-json\/wp\/v2\/comments?post=389"}],"version-history":[{"count":1,"href":"https:\/\/manual-audacity-recursos-test.azurewebsites.net\/es\/wp-json\/wp\/v2\/pages\/389\/revisions"}],"predecessor-version":[{"id":390,"href":"https:\/\/manual-audacity-recursos-test.azurewebsites.net\/es\/wp-json\/wp\/v2\/pages\/389\/revisions\/390"}],"wp:attachment":[{"href":"https:\/\/manual-audacity-recursos-test.azurewebsites.net\/es\/wp-json\/wp\/v2\/media?parent=389"}],"curies":[{"name":"wp","href":"https:\/\/api.w.org\/{rel}","templated":true}]}}